{"id":438,"date":"2023-02-03T15:50:44","date_gmt":"2023-02-03T07:50:44","guid":{"rendered":"http:\/\/vhandy.com\/?page_id=438"},"modified":"2023-09-19T11:03:19","modified_gmt":"2023-09-19T03:03:19","slug":"injection-molding","status":"publish","type":"page","link":"https:\/\/vhandy.com\/fr\/service\/injection-molding\/","title":{"rendered":"Moulage par injection"},"content":{"rendered":"<p>[et_pb_section fb_built=&#8221;1&#8243; admin_label=&#8221;Header&#8221; _builder_version=&#8221;4.19.5&#8243; _module_preset=&#8221;default&#8221; background_enable_pattern_style=&#8221;on&#8221; background_pattern_style=&#8221;tufted&#8221; min_height=&#8221;677px&#8221; overflow-x=&#8221;hidden&#8221; overflow-y=&#8221;hidden&#8221; custom_margin_tablet=&#8221;&#8221; custom_margin_phone=&#8221;-143px||||false|false&#8221; custom_margin_last_edited=&#8221;on|phone&#8221; custom_padding=&#8221;||0px||false|false&#8221; collapsed=&#8221;on&#8221; global_colors_info=&#8221;{}&#8221;][et_pb_row column_structure=&#8221;1_2,1_2&#8243; _builder_version=&#8221;4.19.5&#8243; _module_preset=&#8221;default&#8221; min_height=&#8221;632px&#8221; global_colors_info=&#8221;{}&#8221;][et_pb_column type=&#8221;1_2&#8243; _builder_version=&#8221;4.19.0&#8243; _module_preset=&#8221;default&#8221; custom_padding_tablet=&#8221;||30px||false|false&#8221; custom_padding_phone=&#8221;||30px||false|false&#8221; custom_padding_last_edited=&#8221;on|tablet&#8221; global_colors_info=&#8221;{}&#8221;][et_pb_text _builder_version=&#8221;4.19.5&#8243; _module_preset=&#8221;d5975605-2163-4d6e-b47f-854205f395a1&#8243; text_font=&#8221;|700|||||||&#8221; text_text_color=&#8221;#000000&#8243; text_font_size=&#8221;64px&#8221; text_line_height=&#8221;1em&#8221; min_height=&#8221;301.8px&#8221; custom_margin=&#8221;12px||10px||false|false&#8221; custom_margin_tablet=&#8221;12px||10px||false|false&#8221; custom_margin_phone=&#8221;12px||10px||false|false&#8221; custom_margin_last_edited=&#8221;on|desktop&#8221; custom_padding=&#8221;94px||||false|false&#8221; text_font_size_tablet=&#8221;62px&#8221; text_font_size_phone=&#8221;51px&#8221; text_font_size_last_edited=&#8221;on|desktop&#8221; text_line_height_tablet=&#8221;1.3em&#8221; text_line_height_phone=&#8221;1em&#8221; text_line_height_last_edited=&#8221;on|phone&#8221; global_colors_info=&#8221;{}&#8221;]<\/p>\n<p>Moulage par injection<\/p>\n<p>[\/et_pb_text][et_pb_text _builder_version=&#8221;4.19.5&#8243; _module_preset=&#8221;e685695c-3bb8-4f65-82e8-0360d604a570&#8243; custom_margin=&#8221;-48px|||||&#8221; custom_padding=&#8221;||37px|||&#8221; global_colors_info=&#8221;{}&#8221;]<\/p>\n<p>Le moulage par injection est \u00e9galement appel\u00e9 moulage sous pression \u00e0 chaud. Cette technologie donne \u00e0 la poudre de m\u00e9tal, \u00e0 la poudre de c\u00e9ramique et au polym\u00e8re une fluidit\u00e9 similaire en ajoutant une certaine quantit\u00e9 de polym\u00e8re et d'additifs et en chauffant l\u00e9g\u00e8rement. La suspension est remplie dans le moule m\u00e9tallique sous pression. Apr\u00e8s refroidissement, l'\u00e9bauche est retir\u00e9e pour obtenir la pi\u00e8ce brute. Cette technologie est consid\u00e9r\u00e9e comme une \"technologie cl\u00e9 nationale\" importante par des pays d\u00e9velopp\u00e9s tels que les \u00c9tats-Unis.<\/p>\n<p>[\/et_pb_text][et_pb_button button_url=&#8221;http:\/\/vhandy.com\/contact-us\/&#8221; button_text=&#8221;Free Quotation&#8221; _builder_version=&#8221;4.19.5&#8243; _module_preset=&#8221;1a82b574-5a26-4a4d-9092-f79c052f9d4b&#8221; button_bg_color_gradient_direction=&#8221;71deg&#8221; button_bg_color_gradient_stops=&#8221;#4de961 0%|#edf000 0%|#7cda24 100%&#8221; button_border_radius=&#8221;8px&#8221; global_colors_info=&#8221;{}&#8221;][\/et_pb_button][\/et_pb_column][et_pb_column type=&#8221;1_2&#8243; _builder_version=&#8221;4.18.1&#8243; _module_preset=&#8221;default&#8221; background_size=&#8221;contain&#8221; global_colors_info=&#8221;{}&#8221;][et_pb_image src=&#8221;http:\/\/vhandy.com\/wp-content\/uploads\/2023\/02\/industrial-ceramic-machine10.webp&#8221; title_text=&#8221;Injection Molding&#8221; admin_label=&#8221;Image&#8221; _builder_version=&#8221;4.22.1&#8243; _module_preset=&#8221;default&#8221; background_enable_image=&#8221;off&#8221; background_size=&#8221;contain&#8221; position_origin_a=&#8221;top_right&#8221; custom_margin=&#8221;|-20vw|||false|false&#8221; custom_margin_tablet=&#8221;|0%|||false|false&#8221; custom_margin_phone=&#8221;||||false|false&#8221; custom_margin_last_edited=&#8221;on|desktop&#8221; hover_enabled=&#8221;0&#8243; locked=&#8221;off&#8221; global_colors_info=&#8221;{}&#8221; alt=&#8221;Injection Molding&#8221; sticky_enabled=&#8221;0&#8243;][\/et_pb_image][\/et_pb_column][\/et_pb_row][\/et_pb_section][et_pb_section fb_built=&#8221;1&#8243; admin_label=&#8221;Features&#8221; _builder_version=&#8221;4.19.0&#8243; _module_preset=&#8221;default&#8221; custom_margin=&#8221;-58px|||||&#8221; custom_padding=&#8221;33px||76px|||&#8221; locked=&#8221;off&#8221; collapsed=&#8221;on&#8221; global_colors_info=&#8221;{}&#8221;][et_pb_row make_equal=&#8221;on&#8221; _builder_version=&#8221;4.19.5&#8243; _module_preset=&#8221;default&#8221; global_colors_info=&#8221;{}&#8221;][et_pb_column type=&#8221;4_4&#8243; _builder_version=&#8221;4.18.1&#8243; _module_preset=&#8221;default&#8221; custom_padding=&#8221;20px|20px|20px|20px|true|true&#8221; border_radii=&#8221;on|10px|10px|10px|10px&#8221; border_width_all=&#8221;1px&#8221; border_color_all=&#8221;#000000&#8243; global_colors_info=&#8221;{}&#8221;][et_pb_icon font_icon=&#8221;&#x5a;||divi||400&#8243; icon_color=&#8221;#7CDA24&#8243; icon_width=&#8221;66px&#8221; align=&#8221;left&#8221; _builder_version=&#8221;4.19.5&#8243; _module_preset=&#8221;default&#8221; custom_margin=&#8221;||-4px|||&#8221; global_colors_info=&#8221;{}&#8221;][\/et_pb_icon][et_pb_text _builder_version=&#8221;4.18.1&#8243; _module_preset=&#8221;b4e9302f-70d8-4d46-bbdf-e7383e806231&#8243; custom_margin=&#8221;7px||0px||false|false&#8221; global_colors_info=&#8221;{}&#8221;]<\/p>\n<h5>Avantages<\/h5>\n<p>[\/et_pb_text][et_pb_text _builder_version=\u201d4.19.5\u2033 _module_preset=\u201de685695c-3bb8-4f65-82e8-0360d604a570\u2033 global_colors_info=\u201d{}\u201d]<\/p>\n<p>Taux \u00e9lev\u00e9 d'utilisation des mati\u00e8res premi\u00e8res, production de masse rapide et automatique<br \/>Il est possible de produire des pi\u00e8ces de forme sp\u00e9ciale de petit volume, de forme complexe et de grande pr\u00e9cision dimensionnelle.<br \/>Gr\u00e2ce \u00e0 la fili\u00e8re d'\u00e9coulement, la densit\u00e9 du corps vert est uniforme et les performances du produit fritt\u00e9 sont sup\u00e9rieures.<br \/>Faible co\u00fbt de production.<\/p>\n<p>[\/et_pb_text][\/et_pb_column][\/et_pb_row][\/et_pb_section][et_pb_section fb_built=&#8221;1&#8243; admin_label=&#8221;Footer&#8221; _builder_version=&#8221;4.19.5&#8243; _module_preset=&#8221;default&#8221; background_color=&#8221;#000000&#8243; background_enable_pattern_style=&#8221;on&#8221; background_pattern_style=&#8221;tufted&#8221; background_pattern_color=&#8221;rgba(255,255,255,0.18)&#8221; min_height=&#8221;725.5px&#8221; global_module=&#8221;176&#8243; saved_tabs=&#8221;all&#8221; collapsed=&#8221;on&#8221; global_colors_info=&#8221;{%22gcid-b2777ccc-45bf-4762-b379-294426a7f0ff%22:%91%22background_color%22%93}&#8221;][et_pb_row column_structure=&#8221;1_2,1_2&#8243; use_custom_gutter=&#8221;on&#8221; gutter_width=&#8221;1&#8243; make_equal=&#8221;on&#8221; _builder_version=&#8221;4.19.5&#8243; _module_preset=&#8221;default&#8221; custom_padding=&#8221;0px||0px||true|false&#8221; border_width_all=&#8221;1px&#8221; border_color_all=&#8221;#3E3E3E&#8221; global_module=&#8221;273&#8243; saved_tabs=&#8221;all&#8221; global_colors_info=&#8221;{}&#8221;][et_pb_column type=&#8221;1_2&#8243; _builder_version=&#8221;4.19.0&#8243; _module_preset=&#8221;default&#8221; custom_padding=&#8221;40px|40px|40px|40px|true|true&#8221; custom_padding_tablet=&#8221;30px|30px|30px|30px|true|true&#8221; custom_padding_phone=&#8221;20px|20px|20px|20px|true|true&#8221; custom_padding_last_edited=&#8221;on|tablet&#8221; border_color_all=&#8221;#3E3E3E&#8221; border_width_right=&#8221;1px&#8221; border_width_right_tablet=&#8221;0px&#8221; border_width_right_phone=&#8221;&#8221; border_width_right_last_edited=&#8221;on|tablet&#8221; global_colors_info=&#8221;{}&#8221;][et_pb_text _builder_version=&#8221;4.19.5&#8243; _module_preset=&#8221;b327cbe4-b1d5-4b66-ad37-40c8f2f061ba&#8221; header_2_font=&#8221;Michroma||||||||&#8221; header_2_font_size=&#8221;48px&#8221; header_2_line_height=&#8221;1.2em&#8221; background_layout=&#8221;dark&#8221; custom_margin=&#8221;||30px||false|false&#8221; header_2_font_size_tablet=&#8221;32px&#8221; header_2_font_size_phone=&#8221;20px&#8221; header_2_font_size_last_edited=&#8221;on|desktop&#8221; global_colors_info=&#8221;{}&#8221;]<\/p>\n<h2>Contact<\/h2>\n<p>[\/et_pb_text][et_pb_text disabled_on=\"on|off|off\" _builder_version=\"4.20.0\u2033 _module_preset=\"default\" custom_margin=\"-45px||||false|false\" custom_margin_tablet=\"-45px||||false|false\" custom_margin_phone=\"-45px||||false|false\" custom_margin_last_edited=\"on|tablet\" custom_padding=\"0px|0px||false|false\" custom_padding_last_edited=\"off|desktop\" global_colors_info=\"{}\"]<\/p>\n<p><span style=\"color: #00ff00;\">*Vos coordonn\u00e9es ne seront pas communiqu\u00e9es \u00e0 des tiers.<\/span><\/p>\n<p>[\/et_pb_text][dvppl_cf7_styler form_bg=&#8221;RGBA(255,255,255,0)&#8221; use_form_button_fullwidth=&#8221;on&#8221; cf7=&#8221;855&#8243; _builder_version=&#8221;4.22.1&#8243; _module_preset=&#8221;default&#8221; labels_font=&#8221;|600|||||||&#8221; labels_text_color=&#8221;#EDF000&#8243; custom_submit_button=&#8221;on&#8221; submit_button_bg_use_color_gradient=&#8221;on&#8221; submit_button_bg_color_gradient_direction=&#8221;101deg&#8221; submit_button_bg_color_gradient_stops=&#8221;#e5e22d 0%|#98e22f 100%&#8221; submit_button_border_width=&#8221;0px&#8221; global_colors_info=&#8221;{}&#8221;][\/dvppl_cf7_styler][\/et_pb_column][et_pb_column type=&#8221;1_2&#8243; _builder_version=&#8221;4.19.0&#8243; _module_preset=&#8221;default&#8221; custom_padding=&#8221;40px|20px|40px|20px|true|true&#8221; custom_padding_tablet=&#8221;30px|30px|30px|30px|true|true&#8221; custom_padding_phone=&#8221;20px|20px|20px|20px|true|true&#8221; custom_padding_last_edited=&#8221;on|tablet&#8221; border_color_all=&#8221;#3E3E3E&#8221; border_width_right=&#8221;1px&#8221; border_width_right_tablet=&#8221;0px&#8221; border_width_right_phone=&#8221;&#8221; border_width_right_last_edited=&#8221;on|tablet&#8221; global_colors_info=&#8221;{}&#8221;][et_pb_text _builder_version=&#8221;4.19.5&#8243; _module_preset=&#8221;35db5d36-a710-45b2-9214-87e80b4f5c60&#8243; header_6_font=&#8221;Michroma||||||||&#8221; header_6_font_size=&#8221;16px&#8221; header_6_line_height=&#8221;1.4em&#8221; background_layout=&#8221;dark&#8221; custom_margin=&#8221;||0px||false|false&#8221; header_6_font_size_tablet=&#8221;15px&#8221; header_6_font_size_phone=&#8221;14px&#8221; header_6_font_size_last_edited=&#8221;on|phone&#8221; global_colors_info=&#8221;{}&#8221;]<\/p>\n<h6><span>Shenyang Vhandy Technology Co. Ltd.<\/span><\/h6>\n<p>[\/et_pb_text][et_pb_text _builder_version=\u201d4.19.5\u2033 _module_preset=\u201d1f09816e-184e-4ce5-a4cf-b39c52c423ca\u201d text_text_color=\u201dRGBA(255,255,255,0.72)\u201d text_font_size=\u201d16px\u201d text_line_height=\u201d1.8em\" custom_margin=\"||34px||false|false\" custom_margin_tablet=\"||30px||false|false\" custom_margin_phone=\"\" custom_margin_last_edited=\"on|tablet\" text_font_size_tablet=\"15px\" text_font_size_phone=\"14px\" text_font_size_last_edited=\"on|desktop\" header_font_size_tablet=\"55px\" header_font_size_last_edited=\"off|desktop\" global_colors_info=\"{}\"]<\/p>\n<p><span>Room 401, D11 Block (Shenyang International Software Park), Shenyang, Liaoning, Chine<\/span><\/p>\n<p>[\/et_pb_text][et_pb_text _builder_version=\u201d4.19.1\u2033 _module_preset=\u201d35db5d36-a710-45b2-9214-87e80b4f5c60\u2033 header_6_font=\u201dMichroma||||||||\u201d header_6_font_size=\u201d16px\u201d header_6_line_height=\u201d1.4em\" background_layout=\"dark\" custom_margin=\"||0px||false|false\" header_6_font_size_tablet=\"15px\" header_6_font_size_phone=\"14px\" header_6_font_size_last_edited=\"on|phone\" global_colors_info=\"{}\"]<\/p>\n<h6>Courriel<\/h6>\n<p>[\/et_pb_text][et_pb_text _builder_version=\u201d4.19.5\u2033 _module_preset=\u201d1f09816e-184e-4ce5-a4cf-b39c52c423ca\u201d text_text_color=\u201dRGBA(255,255,255,0.72)\u201d text_font_size=\u201d16px\u201d text_line_height=\u201d1.8em\" link_text_color=\"#F7FC01\u2033 custom_margin=\"||33px||false|false\" custom_margin_tablet=\"||30px|false|false\" custom_margin_phone=\"\" custom_margin_last_edited=\"on|tablet\" text_font_size_tablet=\"15px\" text_font_size_phone=\"14px\" text_font_size_last_edited=\"on|desktop\" header_font_size_tablet=\"55px\" header_font_size_last_edited=\"off|desktop\" locked=\"off\" global_colors_info=\"{}\"]<\/p>\n<p><a href=\"mailto:vhandy@vhandy.com\"><span>vhandy@vhandy.com<\/span><\/a><\/p>\n<p>[\/et_pb_text][et_pb_text _builder_version=\u201d4.20.2\u2033 _module_preset=\u201d35db5d36-a710-45b2-9214-87e80b4f5c60\u2033 header_6_font=\u201dMichroma||||||||\u201d header_6_font_size=\u201d16px\u201d header_6_line_height=\u201d1.4em\" background_layout=\"dark\" custom_margin=\"||0px||false|false\" header_6_font_size_tablet=\"15px\" header_6_font_size_phone=\"14px\" header_6_font_size_last_edited=\"on|phone\" global_colors_info=\"{}\"]<\/p>\n<h6>T\u00e9l\u00e9phone\/WeChat\/WhatsApp<\/h6>\n<p>[\/et_pb_text][et_pb_text _builder_version=\u201d4.20.2\u2033 _module_preset=\u201d1f09816e-184e-4ce5-a4cf-b39c52c423ca\u201d text_text_color=\u201dRGBA(255,255,255,0.72)\u201d text_font_size=\u201d16px\u201d text_line_height=\u201d1.8em\" link_text_color=\"#F7FC01\u2033 custom_margin=\"||33px||false|false\" custom_margin_tablet=\"||30px|false|false\" custom_margin_phone=\"\" custom_margin_last_edited=\"on|tablet\" text_font_size_tablet=\"15px\" text_font_size_phone=\"14px\" text_font_size_last_edited=\"on|desktop\" header_font_size_tablet=\"55px\" header_font_size_last_edited=\"off|desktop\" locked=\"off\" global_colors_info=\"{}\"]<\/p>\n<p><a href=\"https:\/\/api.whatsapp.com\/send?phone=8617702411651\"><span>0086-17702411651<\/span><\/a><\/p>\n<p>[\/et_pb_text][et_pb_text _builder_version=\u201d4.19.5\u2033 _module_preset=\u201d35db5d36-a710-45b2-9214-87e80b4f5c60\u2033 header_6_font=\u201dMichroma||||||||\u201d header_6_font_size=\u201d16px\u201d header_6_line_height=\u201d1.4em\" background_layout=\"dark\" custom_margin=\"||0px||false|false\" header_6_font_size_tablet=\"15px\" header_6_font_size_phone=\"14px\" header_6_font_size_last_edited=\"on|phone\" global_colors_info=\"{}\"]<\/p>\n<h6>T\u00e9l<\/h6>\n<p>[\/et_pb_text][et_pb_text _builder_version=\u201d4.19.5\u2033 _module_preset=\u201d1f09816e-184e-4ce5-a4cf-b39c52c423ca\u201d text_text_color=\u201dRGBA(255,255,255,0.72)\u201d text_font_size=\u201d16px\u201d text_line_height=\u201d1.8em\" link_text_color=\"#F7FC01\u2033 custom_margin=\"||33px||false|false\" custom_margin_tablet=\"||30px|false|false\" custom_margin_phone=\"\" custom_margin_last_edited=\"on|tablet\" text_font_size_tablet=\"15px\" text_font_size_phone=\"14px\" text_font_size_last_edited=\"on|desktop\" header_font_size_tablet=\"55px\" header_font_size_last_edited=\"off|desktop\" locked=\"off\" global_colors_info=\"{}\"]<\/p>\n<p><span>0086-24-31501218<\/span><\/p>\n<p>[\/et_pb_text][et_pb_code _builder_version=\"4.20.0\u2033 _module_preset=\"default\" custom_css_main_element=\"color:rgba(0,0,0,0) ;\" global_colors_info=\"{}\"]<\/p>\n<div id=\"ipaddr\">[display_ip]<\/div>\n<p>[\/et_pb_code][\/et_pb_column][\/et_pb_row][\/et_pb_section]<\/p>","protected":false},"excerpt":{"rendered":"<p>Injection molding is also called hot die-casting molding. This technology gives metal powder, ceramic powder and polymer similar fluidity by adding a certain amount of polymer and additive components and heating slightly.<\/p>","protected":false},"author":1,"featured_media":441,"parent":401,"menu_order":0,"comment_status":"closed","ping_status":"closed","template":"","meta":{"_et_pb_use_builder":"on","_et_pb_old_content":"","_et_gb_content_width":"","footnotes":""},"class_list":["post-438","page","type-page","status-publish","has-post-thumbnail","hentry"],"_links":{"self":[{"href":"https:\/\/vhandy.com\/fr\/wp-json\/wp\/v2\/pages\/438","targetHints":{"allow":["GET"]}}],"collection":[{"href":"https:\/\/vhandy.com\/fr\/wp-json\/wp\/v2\/pages"}],"about":[{"href":"https:\/\/vhandy.com\/fr\/wp-json\/wp\/v2\/types\/page"}],"author":[{"embeddable":true,"href":"https:\/\/vhandy.com\/fr\/wp-json\/wp\/v2\/users\/1"}],"replies":[{"embeddable":true,"href":"https:\/\/vhandy.com\/fr\/wp-json\/wp\/v2\/comments?post=438"}],"version-history":[{"count":0,"href":"https:\/\/vhandy.com\/fr\/wp-json\/wp\/v2\/pages\/438\/revisions"}],"up":[{"embeddable":true,"href":"https:\/\/vhandy.com\/fr\/wp-json\/wp\/v2\/pages\/401"}],"wp:featuredmedia":[{"embeddable":true,"href":"https:\/\/vhandy.com\/fr\/wp-json\/wp\/v2\/media\/441"}],"wp:attachment":[{"href":"https:\/\/vhandy.com\/fr\/wp-json\/wp\/v2\/media?parent=438"}],"curies":[{"name":"wp","href":"https:\/\/api.w.org\/{rel}","templated":true}]}}